{"id":1480,"date":"2023-01-06T16:50:20","date_gmt":"2023-01-06T16:50:20","guid":{"rendered":"http:\/\/dalekoodszosy.org\/?page_id=1480"},"modified":"2024-02-23T13:40:13","modified_gmt":"2024-02-23T13:40:13","slug":"atrakcje-okolicy","status":"publish","type":"page","link":"https:\/\/dalekoodszosy.org\/index.php\/atrakcje-okolicy\/","title":{"rendered":"Atrakcje okolicy"},"content":{"rendered":"\n<p><\/p>\n\n\n\n<p><a href=\"https:\/\/dalekoodszosy.org\/index.php\/chodzmy-na-spacer-po-kaplicy\/\" data-type=\"link\" data-id=\"https:\/\/dalekoodszosy.org\/index.php\/chodzmy-na-spacer-po-kaplicy\/\">Zapraszamy do zapoznania si\u0119 z artyku\u0142em na temat naszej miejscowo\u015bci.<br><\/a>Najwi\u0119ksz\u0105 atrakcj\u0105 okolicy jest oczywi\u015bcie nasze gospodarstwo, pi\u0119kne g\u00f3rzyste tereny, lasy i rozleg\u0142e \u0142\u0105ki. Lecz je\u015bli kto\u015b oczekuje czego\u015b wi\u0119cej to w naszych okolicach s\u0105 r\u00f3wnie\u017c inne atrakcyjne miejsca kt\u00f3re warto zobaczy\u0107:<br>&#8211; Wie\u017ca widokowa po\u0142o\u017cona na najwy\u017cszym szczycie we Wie\u017cycy (4 km)<br>&#8211; Centrum Edukacji i Promocji Regionu w Szymbarku (7 km), gdzie zobaczy\u0107 mo\u017cna:<br>\u00a0\u00a0\u00a0\u00a0\u00a0\u00a0\u00a0\u00a0\u00a0\u00a0\u00a0\u00a0 * najd\u0142u\u017csz\u0105 desk\u0119 \u015bwiata<br>\u00a0\u00a0\u00a0\u00a0\u00a0\u00a0\u00a0\u00a0\u00a0\u00a0\u00a0\u00a0 * Dom do g\u00f3ry nogami<br>\u00a0\u00a0\u00a0\u00a0\u00a0\u00a0\u00a0\u00a0\u00a0\u00a0\u00a0\u00a0 * Dom Sybiraka<br>\u00a0\u00a0\u00a0\u00a0\u00a0\u00a0\u00a0\u00a0\u00a0\u00a0\u00a0\u00a0\u00a0 i du\u017co innych wartych zwiedzenia ciekawych miejsc<br>&#8211; Muzeum Kaszubskie w Kartuzach (18 km)<br>&#8211; Skansen parowozownia w Ko\u015bcierzynie(18 km)<br>&#8211; Muzeum Hymnu Narodowego w B\u0119dominie<br>&#8211; Ogr\u00f3d botaniczny w Go\u0142ubiu<br>&#8211; Wyci\u0105g narciarski we Wie\u017cycy (zim\u0105)<br>&#8211; Kamienne Kr\u0119gi w W\u0119siorach<br>&#8211; Punkt Widokowy w R\u0119boszewie<br>&#8211; Dom Wybickich w Sikorzynie<br>&#8211; Park Miniatur w Strysza Buda<br>&#8211; Muzeum Ceramiki Necl\u00f3w w Chmielnie<br>&#8211; Zoo Egzotyczne w Tuchlinie<br>&#8211; Zamek w \u0141apalicach<br>&#8211; \u015awiat Labirynt\u00f3w w Blizinach<br>&#8211; Kaszubski Park Etnograficzny w Wdzydzach<br>-Mini Golf na mapie Kaszub w Zgorza\u0142ym<\/p>\n\n\n\n<p>Go\u015bcie podczas pobytu u nas r\u00f3wnie\u017c zwiedzaj\u0105:<br>&#8211; Zamek Malbork<br>&#8211; Aqua Park w Redzie<br>&#8211; Tr\u00f3jmiasto &#8211; 45km<br>&#8211; Lotnisko Gda\u0144sk &#8211; 38km<br>&#8211; Do Autostrady &#8211; 30km<\/p>\n\n\n\n<p>W pobli\u017cu nas:<br>300m &#8211; Agroturystyka z alpakami &#8211; karmienie, spacery i warsztaty z alpakami &#8211; inf. u nas<br>1,4km &#8211; Restauracja Rybacz\u00f3wka<br>0,5km &#8211; iskierka smaku<br>3,8km &#8211; sklep Dino w Egiertowie, mo\u017cna z kasy wyci\u0105gn\u0105\u0107 pieni\u0105dze z karty<br>3,8 &#8211; Pizzeria w Egiertowie<br>5km &#8211; Wie\u017ca Widokowa Wie\u017cyca<br>7km &#8211; Apteka Szymbark<br>&nbsp; &nbsp; &nbsp;&#8211; Bankomat Szymbark<br>9km &#8211; Apteka Somonino<br>&nbsp; &nbsp; &nbsp;&#8211; Bankomat Somonino<br>&nbsp; &nbsp; &nbsp;&#8211; Biedronka Somonino<br>16km &#8211; Basen Kartuzy<br>&nbsp;24km &#8211; Basen w Ko\u015bcierzynie<br>&nbsp;20km &#8211; Kino Remus Ko\u015bcierzyna<br>&nbsp;14km &#8211; Sp\u0142yw kajakowy w Kie\u0142pinie<br>&nbsp;11km &#8211; Sp\u0142yw kajakowy w Ostrzycach<br>&nbsp;8km &#8211; Jezioro Wie\u017cyca<br>&nbsp;11km &#8211; Jezioro Ostrzyce<br>&nbsp;8km &#8211; Jezioro Grabowskie<br>&nbsp;6km &#8211; Jezioro Po\u0142\u0119czy\u0144skie<br>&nbsp;8km &#8211; Stok narciarski Wie\u017cyca<\/p>\n","protected":false},"excerpt":{"rendered":"<p>Zapraszamy do zapoznania si\u0119 z artyku\u0142em na temat naszej miejscowo\u015bci.Najwi\u0119ksz\u0105 atrakcj\u0105 okolicy jest oczywi\u015bcie nasze gospodarstwo, pi\u0119kne g\u00f3rzyste tereny, lasy i rozleg\u0142e \u0142\u0105ki. Lecz je\u015bli kto\u015b oczekuje czego\u015b wi\u0119cej to &#8230;<\/p>\n","protected":false},"author":1,"featured_media":0,"parent":0,"menu_order":0,"comment_status":"closed","ping_status":"closed","template":"template-fullwidth.php","meta":{"ngg_post_thumbnail":0,"footnotes":""},"class_list":["post-1480","page","type-page","status-publish","hentry"],"yoast_head":"<!-- This site is optimized with the Yoast SEO plugin v22.1 - https:\/\/yoast.com\/wordpress\/plugins\/seo\/ -->\n<title>Atrakcje okolicy - Daleko Od Szosy<\/title>\n<meta name=\"robots\" content=\"index, follow, max-snippet:-1, max-image-preview:large, max-video-preview:-1\" \/>\n<link rel=\"canonical\" href=\"http:\/\/dalekoodszosy.org\/index.php\/atrakcje-okolicy\/\" \/>\n<meta property=\"og:locale\" content=\"pl_PL\" \/>\n<meta property=\"og:type\" content=\"article\" \/>\n<meta property=\"og:title\" content=\"Atrakcje okolicy - Daleko Od Szosy\" \/>\n<meta property=\"og:description\" content=\"Zapraszamy do zapoznania si\u0119 z artyku\u0142em na temat naszej miejscowo\u015bci.Najwi\u0119ksz\u0105 atrakcj\u0105 okolicy jest oczywi\u015bcie nasze gospodarstwo, pi\u0119kne g\u00f3rzyste tereny, lasy i rozleg\u0142e \u0142\u0105ki. Lecz je\u015bli kto\u015b oczekuje czego\u015b wi\u0119cej to ...\" \/>\n<meta property=\"og:url\" content=\"http:\/\/dalekoodszosy.org\/index.php\/atrakcje-okolicy\/\" \/>\n<meta property=\"og:site_name\" content=\"Daleko Od Szosy\" \/>\n<meta property=\"article:publisher\" content=\"https:\/\/www.facebook.com\/dalekoodszosy.org\" \/>\n<meta property=\"article:modified_time\" content=\"2024-02-23T13:40:13+00:00\" \/>\n<meta property=\"og:image\" content=\"https:\/\/dalekoodszosy.org\/wp-content\/uploads\/2024\/02\/cropped-DoS2-1.jpg\" \/>\n\t<meta property=\"og:image:width\" content=\"353\" \/>\n\t<meta property=\"og:image:height\" content=\"192\" \/>\n\t<meta property=\"og:image:type\" content=\"image\/jpeg\" \/>\n<meta name=\"twitter:card\" content=\"summary_large_image\" \/>\n<meta name=\"twitter:label1\" content=\"Szacowany czas czytania\" \/>\n\t<meta name=\"twitter:data1\" content=\"2 minuty\" \/>\n<script type=\"application\/ld+json\" class=\"yoast-schema-graph\">{\"@context\":\"https:\/\/schema.org\",\"@graph\":[{\"@type\":\"WebPage\",\"@id\":\"http:\/\/dalekoodszosy.org\/index.php\/atrakcje-okolicy\/\",\"url\":\"http:\/\/dalekoodszosy.org\/index.php\/atrakcje-okolicy\/\",\"name\":\"Atrakcje okolicy - Daleko Od Szosy\",\"isPartOf\":{\"@id\":\"http:\/\/dalekoodszosy.org\/#website\"},\"datePublished\":\"2023-01-06T16:50:20+00:00\",\"dateModified\":\"2024-02-23T13:40:13+00:00\",\"breadcrumb\":{\"@id\":\"http:\/\/dalekoodszosy.org\/index.php\/atrakcje-okolicy\/#breadcrumb\"},\"inLanguage\":\"pl-PL\",\"potentialAction\":[{\"@type\":\"ReadAction\",\"target\":[\"http:\/\/dalekoodszosy.org\/index.php\/atrakcje-okolicy\/\"]}]},{\"@type\":\"BreadcrumbList\",\"@id\":\"http:\/\/dalekoodszosy.org\/index.php\/atrakcje-okolicy\/#breadcrumb\",\"itemListElement\":[{\"@type\":\"ListItem\",\"position\":1,\"name\":\"Strona g\u0142\u00f3wna\",\"item\":\"http:\/\/dalekoodszosy.org\/\"},{\"@type\":\"ListItem\",\"position\":2,\"name\":\"Atrakcje okolicy\"}]},{\"@type\":\"WebSite\",\"@id\":\"http:\/\/dalekoodszosy.org\/#website\",\"url\":\"http:\/\/dalekoodszosy.org\/\",\"name\":\"Daleko Od Szosy\",\"description\":\"Gospodarstwo Agroturystyczne Daleko Od Szosy\",\"publisher\":{\"@id\":\"http:\/\/dalekoodszosy.org\/#organization\"},\"potentialAction\":[{\"@type\":\"SearchAction\",\"target\":{\"@type\":\"EntryPoint\",\"urlTemplate\":\"http:\/\/dalekoodszosy.org\/?s={search_term_string}\"},\"query-input\":\"required name=search_term_string\"}],\"inLanguage\":\"pl-PL\"},{\"@type\":\"Organization\",\"@id\":\"http:\/\/dalekoodszosy.org\/#organization\",\"name\":\"Gospodarstwo Agroturystyczne \\\"Daleko Od Szosy\\\"\",\"url\":\"http:\/\/dalekoodszosy.org\/\",\"logo\":{\"@type\":\"ImageObject\",\"inLanguage\":\"pl-PL\",\"@id\":\"http:\/\/dalekoodszosy.org\/#\/schema\/logo\/image\/\",\"url\":\"https:\/\/dalekoodszosy.org\/wp-content\/uploads\/2024\/02\/cropped-DoS2-1.jpg\",\"contentUrl\":\"https:\/\/dalekoodszosy.org\/wp-content\/uploads\/2024\/02\/cropped-DoS2-1.jpg\",\"width\":353,\"height\":192,\"caption\":\"Gospodarstwo Agroturystyczne \\\"Daleko Od Szosy\\\"\"},\"image\":{\"@id\":\"http:\/\/dalekoodszosy.org\/#\/schema\/logo\/image\/\"},\"sameAs\":[\"https:\/\/www.facebook.com\/dalekoodszosy.org\"]}]}<\/script>\n<!-- \/ Yoast SEO plugin. -->","yoast_head_json":{"title":"Atrakcje okolicy - Daleko Od Szosy","robots":{"index":"index","follow":"follow","max-snippet":"max-snippet:-1","max-image-preview":"max-image-preview:large","max-video-preview":"max-video-preview:-1"},"canonical":"http:\/\/dalekoodszosy.org\/index.php\/atrakcje-okolicy\/","og_locale":"pl_PL","og_type":"article","og_title":"Atrakcje okolicy - Daleko Od Szosy","og_description":"Zapraszamy do zapoznania si\u0119 z artyku\u0142em na temat naszej miejscowo\u015bci.Najwi\u0119ksz\u0105 atrakcj\u0105 okolicy jest oczywi\u015bcie nasze gospodarstwo, pi\u0119kne g\u00f3rzyste tereny, lasy i rozleg\u0142e \u0142\u0105ki. Lecz je\u015bli kto\u015b oczekuje czego\u015b wi\u0119cej to ...","og_url":"http:\/\/dalekoodszosy.org\/index.php\/atrakcje-okolicy\/","og_site_name":"Daleko Od Szosy","article_publisher":"https:\/\/www.facebook.com\/dalekoodszosy.org","article_modified_time":"2024-02-23T13:40:13+00:00","og_image":[{"width":353,"height":192,"url":"https:\/\/dalekoodszosy.org\/wp-content\/uploads\/2024\/02\/cropped-DoS2-1.jpg","type":"image\/jpeg"}],"twitter_card":"summary_large_image","twitter_misc":{"Szacowany czas czytania":"2 minuty"},"schema":{"@context":"https:\/\/schema.org","@graph":[{"@type":"WebPage","@id":"http:\/\/dalekoodszosy.org\/index.php\/atrakcje-okolicy\/","url":"http:\/\/dalekoodszosy.org\/index.php\/atrakcje-okolicy\/","name":"Atrakcje okolicy - Daleko Od Szosy","isPartOf":{"@id":"http:\/\/dalekoodszosy.org\/#website"},"datePublished":"2023-01-06T16:50:20+00:00","dateModified":"2024-02-23T13:40:13+00:00","breadcrumb":{"@id":"http:\/\/dalekoodszosy.org\/index.php\/atrakcje-okolicy\/#breadcrumb"},"inLanguage":"pl-PL","potentialAction":[{"@type":"ReadAction","target":["http:\/\/dalekoodszosy.org\/index.php\/atrakcje-okolicy\/"]}]},{"@type":"BreadcrumbList","@id":"http:\/\/dalekoodszosy.org\/index.php\/atrakcje-okolicy\/#breadcrumb","itemListElement":[{"@type":"ListItem","position":1,"name":"Strona g\u0142\u00f3wna","item":"http:\/\/dalekoodszosy.org\/"},{"@type":"ListItem","position":2,"name":"Atrakcje okolicy"}]},{"@type":"WebSite","@id":"http:\/\/dalekoodszosy.org\/#website","url":"http:\/\/dalekoodszosy.org\/","name":"Daleko Od Szosy","description":"Gospodarstwo Agroturystyczne Daleko Od Szosy","publisher":{"@id":"http:\/\/dalekoodszosy.org\/#organization"},"potentialAction":[{"@type":"SearchAction","target":{"@type":"EntryPoint","urlTemplate":"http:\/\/dalekoodszosy.org\/?s={search_term_string}"},"query-input":"required name=search_term_string"}],"inLanguage":"pl-PL"},{"@type":"Organization","@id":"http:\/\/dalekoodszosy.org\/#organization","name":"Gospodarstwo Agroturystyczne \"Daleko Od Szosy\"","url":"http:\/\/dalekoodszosy.org\/","logo":{"@type":"ImageObject","inLanguage":"pl-PL","@id":"http:\/\/dalekoodszosy.org\/#\/schema\/logo\/image\/","url":"https:\/\/dalekoodszosy.org\/wp-content\/uploads\/2024\/02\/cropped-DoS2-1.jpg","contentUrl":"https:\/\/dalekoodszosy.org\/wp-content\/uploads\/2024\/02\/cropped-DoS2-1.jpg","width":353,"height":192,"caption":"Gospodarstwo Agroturystyczne \"Daleko Od Szosy\""},"image":{"@id":"http:\/\/dalekoodszosy.org\/#\/schema\/logo\/image\/"},"sameAs":["https:\/\/www.facebook.com\/dalekoodszosy.org"]}]}},"_links":{"self":[{"href":"https:\/\/dalekoodszosy.org\/index.php\/wp-json\/wp\/v2\/pages\/1480","targetHints":{"allow":["GET"]}}],"collection":[{"href":"https:\/\/dalekoodszosy.org\/index.php\/wp-json\/wp\/v2\/pages"}],"about":[{"href":"https:\/\/dalekoodszosy.org\/index.php\/wp-json\/wp\/v2\/types\/page"}],"author":[{"embeddable":true,"href":"https:\/\/dalekoodszosy.org\/index.php\/wp-json\/wp\/v2\/users\/1"}],"replies":[{"embeddable":true,"href":"https:\/\/dalekoodszosy.org\/index.php\/wp-json\/wp\/v2\/comments?post=1480"}],"version-history":[{"count":3,"href":"https:\/\/dalekoodszosy.org\/index.php\/wp-json\/wp\/v2\/pages\/1480\/revisions"}],"predecessor-version":[{"id":1762,"href":"https:\/\/dalekoodszosy.org\/index.php\/wp-json\/wp\/v2\/pages\/1480\/revisions\/1762"}],"wp:attachment":[{"href":"https:\/\/dalekoodszosy.org\/index.php\/wp-json\/wp\/v2\/media?parent=1480"}],"curies":[{"name":"wp","href":"https:\/\/api.w.org\/{rel}","templated":true}]}}