{"id":1684,"date":"2024-02-21T14:00:19","date_gmt":"2024-02-21T14:00:19","guid":{"rendered":"https:\/\/dalekoodszosy.org\/?page_id=1684"},"modified":"2024-02-21T14:50:38","modified_gmt":"2024-02-21T14:50:38","slug":"pokoje","status":"publish","type":"page","link":"https:\/\/dalekoodszosy.org\/index.php\/pokoje\/","title":{"rendered":"Pokoje"},"content":{"rendered":"\n<p>Mamy do dyspozycji go\u015bci 4 pokoje z \u0142azienkami. W domu zamieszka\u0142ym przez gospodarzy.<\/p>\n\n\n\n<p><\/p>\n\n\n\n<figure class=\"wp-block-image is-resized is-style-rounded\"><img loading=\"lazy\" decoding=\"async\" width=\"2560\" height=\"1920\" src=\"http:\/\/dalekoodszosy.org\/wp-content\/uploads\/2024\/02\/pokoj-2-osobowy-na-pietrze-scaled.jpg\" alt=\"\" class=\"wp-image-1657\" style=\"width:250px\" srcset=\"https:\/\/dalekoodszosy.org\/wp-content\/uploads\/2024\/02\/pokoj-2-osobowy-na-pietrze-scaled.jpg 2560w, https:\/\/dalekoodszosy.org\/wp-content\/uploads\/2024\/02\/pokoj-2-osobowy-na-pietrze-300x225.jpg 300w, https:\/\/dalekoodszosy.org\/wp-content\/uploads\/2024\/02\/pokoj-2-osobowy-na-pietrze-1024x768.jpg 1024w, https:\/\/dalekoodszosy.org\/wp-content\/uploads\/2024\/02\/pokoj-2-osobowy-na-pietrze-768x576.jpg 768w, https:\/\/dalekoodszosy.org\/wp-content\/uploads\/2024\/02\/pokoj-2-osobowy-na-pietrze-1536x1152.jpg 1536w, https:\/\/dalekoodszosy.org\/wp-content\/uploads\/2024\/02\/pokoj-2-osobowy-na-pietrze-2048x1536.jpg 2048w\" sizes=\"auto, (max-width: 2560px) 100vw, 2560px\" \/><\/figure>\n\n\n\n<p>1 pok\u00f3j -2 osobowy z \u0142azienk\u0105 na pi\u0119trze z \u0142\u00f3\u017ckiem ma\u0142\u017ce\u0144skim<\/p>\n\n\n\n<br>\n\n\n\n<p> <\/p>\n\n\n\n<p><figure class=\"wp-block-image is-resized is-style-rounded\"><\/figure><\/p>\n\n\n\n<figure class=\"wp-block-image size-large is-resized is-style-rounded\"><img loading=\"lazy\" decoding=\"async\" width=\"1024\" height=\"768\" src=\"http:\/\/dalekoodszosy.org\/wp-content\/uploads\/2024\/02\/pokoj-5-osobowy-na-parterze-1024x768.jpg\" alt=\"\" class=\"wp-image-1655\" style=\"width:250px\" srcset=\"https:\/\/dalekoodszosy.org\/wp-content\/uploads\/2024\/02\/pokoj-5-osobowy-na-parterze-1024x768.jpg 1024w, https:\/\/dalekoodszosy.org\/wp-content\/uploads\/2024\/02\/pokoj-5-osobowy-na-parterze-300x225.jpg 300w, https:\/\/dalekoodszosy.org\/wp-content\/uploads\/2024\/02\/pokoj-5-osobowy-na-parterze-768x576.jpg 768w, https:\/\/dalekoodszosy.org\/wp-content\/uploads\/2024\/02\/pokoj-5-osobowy-na-parterze-1536x1152.jpg 1536w, https:\/\/dalekoodszosy.org\/wp-content\/uploads\/2024\/02\/pokoj-5-osobowy-na-parterze-2048x1536.jpg 2048w\" sizes=\"auto, (max-width: 1024px) 100vw, 1024px\" \/><\/figure>\n\n\n\n<p>1 pok\u00f3j -5 osobowy z \u0142azienk\u0105 na parterze z 1 \u0142\u00f3\u017cko ma\u0142\u017ce\u0144skie, 1 \u0142\u00f3\u017cko pojedyncze, 1 \u0142\u00f3\u017cko pi\u0119trowe<\/p>\n\n\n\n<br>\n\n\n\n<figure class=\"wp-block-image size-large is-resized is-style-rounded\"><img loading=\"lazy\" decoding=\"async\" width=\"1024\" height=\"768\" src=\"http:\/\/dalekoodszosy.org\/wp-content\/uploads\/2024\/02\/pokoj-5-osobowy-na-pietrze-1024x768.jpg\" alt=\"\" class=\"wp-image-1653\" style=\"width:250px\" srcset=\"https:\/\/dalekoodszosy.org\/wp-content\/uploads\/2024\/02\/pokoj-5-osobowy-na-pietrze-1024x768.jpg 1024w, https:\/\/dalekoodszosy.org\/wp-content\/uploads\/2024\/02\/pokoj-5-osobowy-na-pietrze-300x225.jpg 300w, https:\/\/dalekoodszosy.org\/wp-content\/uploads\/2024\/02\/pokoj-5-osobowy-na-pietrze-768x576.jpg 768w, https:\/\/dalekoodszosy.org\/wp-content\/uploads\/2024\/02\/pokoj-5-osobowy-na-pietrze-1536x1152.jpg 1536w, https:\/\/dalekoodszosy.org\/wp-content\/uploads\/2024\/02\/pokoj-5-osobowy-na-pietrze-2048x1536.jpg 2048w\" sizes=\"auto, (max-width: 1024px) 100vw, 1024px\" \/><\/figure>\n\n\n\n<p>1 pok\u00f3j -5 osobowy z \u0142azienk\u0105 na pi\u0119trze z 1 \u0142\u00f3\u017cko ma\u0142\u017ce\u0144skie, 1 \u0142\u00f3\u017cko pojedyncze, 1 tapczan 2 osobowy<br><\/p>\n\n\n\n<br>\n\n\n\n<figure class=\"wp-block-image size-large is-resized is-style-rounded\"><img loading=\"lazy\" decoding=\"async\" width=\"1024\" height=\"768\" src=\"http:\/\/dalekoodszosy.org\/wp-content\/uploads\/2024\/02\/pokoj-8-osobowy-na-pietrze-z-balkonem-1024x768.jpg\" alt=\"\" class=\"wp-image-1659\" style=\"width:250px\" srcset=\"https:\/\/dalekoodszosy.org\/wp-content\/uploads\/2024\/02\/pokoj-8-osobowy-na-pietrze-z-balkonem-1024x768.jpg 1024w, https:\/\/dalekoodszosy.org\/wp-content\/uploads\/2024\/02\/pokoj-8-osobowy-na-pietrze-z-balkonem-300x225.jpg 300w, https:\/\/dalekoodszosy.org\/wp-content\/uploads\/2024\/02\/pokoj-8-osobowy-na-pietrze-z-balkonem-768x576.jpg 768w, https:\/\/dalekoodszosy.org\/wp-content\/uploads\/2024\/02\/pokoj-8-osobowy-na-pietrze-z-balkonem-1536x1152.jpg 1536w, https:\/\/dalekoodszosy.org\/wp-content\/uploads\/2024\/02\/pokoj-8-osobowy-na-pietrze-z-balkonem-2048x1536.jpg 2048w\" sizes=\"auto, (max-width: 1024px) 100vw, 1024px\" \/><\/figure>\n\n\n\n<p>1 pok\u00f3j -8 osobowy na pi\u0119trze z balkonem i \u0142azienk\u0105 na korytarzu wy\u0142\u0105cznie dla tego pokoju, jest 1 \u0142\u00f3\u017cko ma\u0142\u017ce\u0144skie 2 x tapczan 2 osobowy i 2 x \u0142\u00f3\u017cko pojedyncze<\/p>\n\n\n\n<br>\n\n\n\n<div class=\"wp-block-columns is-layout-flex wp-container-core-columns-is-layout-9d6595d7 wp-block-columns-is-layout-flex\">\n<div class=\"wp-block-column is-layout-flow wp-block-column-is-layout-flow\" style=\"flex-basis:33.34%\">\n<div class=\"wp-block-group\"><div class=\"wp-block-group__inner-container is-layout-constrained wp-block-group-is-layout-constrained\">\n<div class=\"wp-block-columns is-layout-flex wp-container-core-columns-is-layout-9d6595d7 wp-block-columns-is-layout-flex\">\n<div class=\"wp-block-column is-layout-flow wp-block-column-is-layout-flow\" style=\"flex-basis:100%\">\n<figure class=\"wp-block-image size-full is-resized is-style-rounded\"><img loading=\"lazy\" decoding=\"async\" width=\"720\" height=\"540\" src=\"http:\/\/dalekoodszosy.org\/wp-content\/uploads\/2024\/02\/FB_IMG_1705430446996.jpg\" alt=\"\" class=\"wp-image-1592\" style=\"aspect-ratio:4\/3;object-fit:cover;width:250px\" srcset=\"https:\/\/dalekoodszosy.org\/wp-content\/uploads\/2024\/02\/FB_IMG_1705430446996.jpg 720w, https:\/\/dalekoodszosy.org\/wp-content\/uploads\/2024\/02\/FB_IMG_1705430446996-300x225.jpg 300w\" sizes=\"auto, (max-width: 720px) 100vw, 720px\" \/><\/figure>\n<\/div>\n<\/div>\n<\/div><\/div>\n<\/div>\n\n\n\n<div class=\"wp-block-column is-layout-flow wp-block-column-is-layout-flow\" style=\"flex-basis:33.34%\">\n<figure class=\"wp-block-image size-large is-resized is-style-rounded\"><img loading=\"lazy\" decoding=\"async\" width=\"1024\" height=\"768\" src=\"http:\/\/dalekoodszosy.org\/wp-content\/uploads\/2024\/02\/IMG-20231203-WA0000-1024x768.jpg\" alt=\"\" class=\"wp-image-1589\" style=\"width:250px\" srcset=\"https:\/\/dalekoodszosy.org\/wp-content\/uploads\/2024\/02\/IMG-20231203-WA0000-1024x768.jpg 1024w, https:\/\/dalekoodszosy.org\/wp-content\/uploads\/2024\/02\/IMG-20231203-WA0000-300x225.jpg 300w, https:\/\/dalekoodszosy.org\/wp-content\/uploads\/2024\/02\/IMG-20231203-WA0000-768x576.jpg 768w, https:\/\/dalekoodszosy.org\/wp-content\/uploads\/2024\/02\/IMG-20231203-WA0000-1536x1152.jpg 1536w, https:\/\/dalekoodszosy.org\/wp-content\/uploads\/2024\/02\/IMG-20231203-WA0000.jpg 2000w\" sizes=\"auto, (max-width: 1024px) 100vw, 1024px\" \/><\/figure>\n<\/div>\n\n\n\n<div class=\"wp-block-column is-layout-flow wp-block-column-is-layout-flow\" style=\"flex-basis:33.33%\">\n<figure class=\"wp-block-image size-full is-resized is-style-rounded\"><img loading=\"lazy\" decoding=\"async\" width=\"720\" height=\"540\" src=\"http:\/\/dalekoodszosy.org\/wp-content\/uploads\/2024\/02\/FB_IMG_1705424451261.jpg\" alt=\"\" class=\"wp-image-1590\" style=\"width:250px\" srcset=\"https:\/\/dalekoodszosy.org\/wp-content\/uploads\/2024\/02\/FB_IMG_1705424451261.jpg 720w, https:\/\/dalekoodszosy.org\/wp-content\/uploads\/2024\/02\/FB_IMG_1705424451261-300x225.jpg 300w\" sizes=\"auto, (max-width: 720px) 100vw, 720px\" \/><\/figure>\n<\/div>\n<\/div>\n\n\n\n<p>Pomie\u015bcimy 20 os\u00f3b \u2013 dom na wy\u0142\u0105czno\u015b\u0107.<\/p>\n\n\n\n<br>\n\n\n\n<p>Opr\u00f3cz tego mamy sale biesiadn\u0105 z kominkiem, gdzie podajemy posi\u0142ki.<br>Nie mamy do dyspozycji go\u015bci kuchni.<br>W ka\u017cdym pokoju jest czajnik i naczynia.<br>Na korytarzu jest lod\u00f3wka i kuchenka mikrofalowa.<br><em>Nie przyjmujemy Go\u015bci ze zwierz\u0119tami.<\/em><\/p>\n","protected":false},"excerpt":{"rendered":"<p>Mamy do dyspozycji go\u015bci 4 pokoje z \u0142azienkami. W domu zamieszka\u0142ym przez gospodarzy. 1 pok\u00f3j -2 osobowy z \u0142azienk\u0105 na pi\u0119trze z \u0142\u00f3\u017ckiem ma\u0142\u017ce\u0144skim 1 pok\u00f3j -5 osobowy z \u0142azienk\u0105 &#8230;<\/p>\n","protected":false},"author":1,"featured_media":0,"parent":0,"menu_order":0,"comment_status":"closed","ping_status":"closed","template":"template-fullwidth.php","meta":{"ngg_post_thumbnail":0,"footnotes":""},"class_list":["post-1684","page","type-page","status-publish","hentry"],"yoast_head":"<!-- This site is optimized with the Yoast SEO plugin v22.1 - https:\/\/yoast.com\/wordpress\/plugins\/seo\/ -->\n<title>Pokoje - Daleko Od Szosy<\/title>\n<meta name=\"robots\" content=\"index, follow, max-snippet:-1, max-image-preview:large, max-video-preview:-1\" \/>\n<link rel=\"canonical\" href=\"http:\/\/dalekoodszosy.org\/index.php\/pokoje\/\" \/>\n<meta property=\"og:locale\" content=\"pl_PL\" \/>\n<meta property=\"og:type\" content=\"article\" \/>\n<meta property=\"og:title\" content=\"Pokoje - Daleko Od Szosy\" \/>\n<meta property=\"og:description\" content=\"Mamy do dyspozycji go\u015bci 4 pokoje z \u0142azienkami. W domu zamieszka\u0142ym przez gospodarzy. 1 pok\u00f3j -2 osobowy z \u0142azienk\u0105 na pi\u0119trze z \u0142\u00f3\u017ckiem ma\u0142\u017ce\u0144skim 1 pok\u00f3j -5 osobowy z \u0142azienk\u0105 ...\" \/>\n<meta property=\"og:url\" content=\"http:\/\/dalekoodszosy.org\/index.php\/pokoje\/\" \/>\n<meta property=\"og:site_name\" content=\"Daleko Od Szosy\" \/>\n<meta property=\"article:publisher\" content=\"https:\/\/www.facebook.com\/dalekoodszosy.org\" \/>\n<meta property=\"article:modified_time\" content=\"2024-02-21T14:50:38+00:00\" \/>\n<meta property=\"og:image\" content=\"http:\/\/dalekoodszosy.org\/wp-content\/uploads\/2024\/02\/pokoj-2-osobowy-na-pietrze-scaled.jpg\" \/>\n<meta name=\"twitter:card\" content=\"summary_large_image\" \/>\n<meta name=\"twitter:label1\" content=\"Szacowany czas czytania\" \/>\n\t<meta name=\"twitter:data1\" content=\"1 minuta\" \/>\n<script type=\"application\/ld+json\" class=\"yoast-schema-graph\">{\"@context\":\"https:\/\/schema.org\",\"@graph\":[{\"@type\":\"WebPage\",\"@id\":\"http:\/\/dalekoodszosy.org\/index.php\/pokoje\/\",\"url\":\"http:\/\/dalekoodszosy.org\/index.php\/pokoje\/\",\"name\":\"Pokoje - Daleko Od Szosy\",\"isPartOf\":{\"@id\":\"http:\/\/dalekoodszosy.org\/#website\"},\"datePublished\":\"2024-02-21T14:00:19+00:00\",\"dateModified\":\"2024-02-21T14:50:38+00:00\",\"breadcrumb\":{\"@id\":\"http:\/\/dalekoodszosy.org\/index.php\/pokoje\/#breadcrumb\"},\"inLanguage\":\"pl-PL\",\"potentialAction\":[{\"@type\":\"ReadAction\",\"target\":[\"http:\/\/dalekoodszosy.org\/index.php\/pokoje\/\"]}]},{\"@type\":\"BreadcrumbList\",\"@id\":\"http:\/\/dalekoodszosy.org\/index.php\/pokoje\/#breadcrumb\",\"itemListElement\":[{\"@type\":\"ListItem\",\"position\":1,\"name\":\"Strona g\u0142\u00f3wna\",\"item\":\"http:\/\/dalekoodszosy.org\/\"},{\"@type\":\"ListItem\",\"position\":2,\"name\":\"Pokoje\"}]},{\"@type\":\"WebSite\",\"@id\":\"http:\/\/dalekoodszosy.org\/#website\",\"url\":\"http:\/\/dalekoodszosy.org\/\",\"name\":\"Daleko Od Szosy\",\"description\":\"Gospodarstwo Agroturystyczne Daleko Od Szosy\",\"publisher\":{\"@id\":\"http:\/\/dalekoodszosy.org\/#organization\"},\"potentialAction\":[{\"@type\":\"SearchAction\",\"target\":{\"@type\":\"EntryPoint\",\"urlTemplate\":\"http:\/\/dalekoodszosy.org\/?s={search_term_string}\"},\"query-input\":\"required name=search_term_string\"}],\"inLanguage\":\"pl-PL\"},{\"@type\":\"Organization\",\"@id\":\"http:\/\/dalekoodszosy.org\/#organization\",\"name\":\"Gospodarstwo Agroturystyczne \\\"Daleko Od Szosy\\\"\",\"url\":\"http:\/\/dalekoodszosy.org\/\",\"logo\":{\"@type\":\"ImageObject\",\"inLanguage\":\"pl-PL\",\"@id\":\"http:\/\/dalekoodszosy.org\/#\/schema\/logo\/image\/\",\"url\":\"https:\/\/dalekoodszosy.org\/wp-content\/uploads\/2024\/02\/cropped-DoS2-1.jpg\",\"contentUrl\":\"https:\/\/dalekoodszosy.org\/wp-content\/uploads\/2024\/02\/cropped-DoS2-1.jpg\",\"width\":353,\"height\":192,\"caption\":\"Gospodarstwo Agroturystyczne \\\"Daleko Od Szosy\\\"\"},\"image\":{\"@id\":\"http:\/\/dalekoodszosy.org\/#\/schema\/logo\/image\/\"},\"sameAs\":[\"https:\/\/www.facebook.com\/dalekoodszosy.org\"]}]}<\/script>\n<!-- \/ Yoast SEO plugin. -->","yoast_head_json":{"title":"Pokoje - Daleko Od Szosy","robots":{"index":"index","follow":"follow","max-snippet":"max-snippet:-1","max-image-preview":"max-image-preview:large","max-video-preview":"max-video-preview:-1"},"canonical":"http:\/\/dalekoodszosy.org\/index.php\/pokoje\/","og_locale":"pl_PL","og_type":"article","og_title":"Pokoje - Daleko Od Szosy","og_description":"Mamy do dyspozycji go\u015bci 4 pokoje z \u0142azienkami. W domu zamieszka\u0142ym przez gospodarzy. 1 pok\u00f3j -2 osobowy z \u0142azienk\u0105 na pi\u0119trze z \u0142\u00f3\u017ckiem ma\u0142\u017ce\u0144skim 1 pok\u00f3j -5 osobowy z \u0142azienk\u0105 ...","og_url":"http:\/\/dalekoodszosy.org\/index.php\/pokoje\/","og_site_name":"Daleko Od Szosy","article_publisher":"https:\/\/www.facebook.com\/dalekoodszosy.org","article_modified_time":"2024-02-21T14:50:38+00:00","og_image":[{"url":"http:\/\/dalekoodszosy.org\/wp-content\/uploads\/2024\/02\/pokoj-2-osobowy-na-pietrze-scaled.jpg"}],"twitter_card":"summary_large_image","twitter_misc":{"Szacowany czas czytania":"1 minuta"},"schema":{"@context":"https:\/\/schema.org","@graph":[{"@type":"WebPage","@id":"http:\/\/dalekoodszosy.org\/index.php\/pokoje\/","url":"http:\/\/dalekoodszosy.org\/index.php\/pokoje\/","name":"Pokoje - Daleko Od Szosy","isPartOf":{"@id":"http:\/\/dalekoodszosy.org\/#website"},"datePublished":"2024-02-21T14:00:19+00:00","dateModified":"2024-02-21T14:50:38+00:00","breadcrumb":{"@id":"http:\/\/dalekoodszosy.org\/index.php\/pokoje\/#breadcrumb"},"inLanguage":"pl-PL","potentialAction":[{"@type":"ReadAction","target":["http:\/\/dalekoodszosy.org\/index.php\/pokoje\/"]}]},{"@type":"BreadcrumbList","@id":"http:\/\/dalekoodszosy.org\/index.php\/pokoje\/#breadcrumb","itemListElement":[{"@type":"ListItem","position":1,"name":"Strona g\u0142\u00f3wna","item":"http:\/\/dalekoodszosy.org\/"},{"@type":"ListItem","position":2,"name":"Pokoje"}]},{"@type":"WebSite","@id":"http:\/\/dalekoodszosy.org\/#website","url":"http:\/\/dalekoodszosy.org\/","name":"Daleko Od Szosy","description":"Gospodarstwo Agroturystyczne Daleko Od Szosy","publisher":{"@id":"http:\/\/dalekoodszosy.org\/#organization"},"potentialAction":[{"@type":"SearchAction","target":{"@type":"EntryPoint","urlTemplate":"http:\/\/dalekoodszosy.org\/?s={search_term_string}"},"query-input":"required name=search_term_string"}],"inLanguage":"pl-PL"},{"@type":"Organization","@id":"http:\/\/dalekoodszosy.org\/#organization","name":"Gospodarstwo Agroturystyczne \"Daleko Od Szosy\"","url":"http:\/\/dalekoodszosy.org\/","logo":{"@type":"ImageObject","inLanguage":"pl-PL","@id":"http:\/\/dalekoodszosy.org\/#\/schema\/logo\/image\/","url":"https:\/\/dalekoodszosy.org\/wp-content\/uploads\/2024\/02\/cropped-DoS2-1.jpg","contentUrl":"https:\/\/dalekoodszosy.org\/wp-content\/uploads\/2024\/02\/cropped-DoS2-1.jpg","width":353,"height":192,"caption":"Gospodarstwo Agroturystyczne \"Daleko Od Szosy\""},"image":{"@id":"http:\/\/dalekoodszosy.org\/#\/schema\/logo\/image\/"},"sameAs":["https:\/\/www.facebook.com\/dalekoodszosy.org"]}]}},"_links":{"self":[{"href":"https:\/\/dalekoodszosy.org\/index.php\/wp-json\/wp\/v2\/pages\/1684","targetHints":{"allow":["GET"]}}],"collection":[{"href":"https:\/\/dalekoodszosy.org\/index.php\/wp-json\/wp\/v2\/pages"}],"about":[{"href":"https:\/\/dalekoodszosy.org\/index.php\/wp-json\/wp\/v2\/types\/page"}],"author":[{"embeddable":true,"href":"https:\/\/dalekoodszosy.org\/index.php\/wp-json\/wp\/v2\/users\/1"}],"replies":[{"embeddable":true,"href":"https:\/\/dalekoodszosy.org\/index.php\/wp-json\/wp\/v2\/comments?post=1684"}],"version-history":[{"count":14,"href":"https:\/\/dalekoodszosy.org\/index.php\/wp-json\/wp\/v2\/pages\/1684\/revisions"}],"predecessor-version":[{"id":1724,"href":"https:\/\/dalekoodszosy.org\/index.php\/wp-json\/wp\/v2\/pages\/1684\/revisions\/1724"}],"wp:attachment":[{"href":"https:\/\/dalekoodszosy.org\/index.php\/wp-json\/wp\/v2\/media?parent=1684"}],"curies":[{"name":"wp","href":"https:\/\/api.w.org\/{rel}","templated":true}]}}