{"id":1759,"date":"2024-02-23T13:29:21","date_gmt":"2024-02-23T13:29:21","guid":{"rendered":"https:\/\/dalekoodszosy.org\/?page_id=1759"},"modified":"2024-02-23T13:40:10","modified_gmt":"2024-02-23T13:40:10","slug":"chodzmy-na-spacer-po-kaplicy","status":"publish","type":"page","link":"https:\/\/dalekoodszosy.org\/index.php\/chodzmy-na-spacer-po-kaplicy\/","title":{"rendered":"CHOD\u0179MY NA SPACER PO KAPLICY\u2026"},"content":{"rendered":"\n<p><br>Kaplica \u2013 wie\u015b w Polsce po\u0142o\u017cona w wojew\u00f3dztwie pomorskim, w powiecie kartuskim, w gminie Somonino.<br><\/p>\n\n\n\n<figure class=\"wp-block-image size-full\"><img loading=\"lazy\" decoding=\"async\" width=\"902\" height=\"674\" src=\"https:\/\/dalekoodszosy.org\/wp-content\/uploads\/2024\/02\/image.png\" alt=\"\" class=\"wp-image-1760\" srcset=\"https:\/\/dalekoodszosy.org\/wp-content\/uploads\/2024\/02\/image.png 902w, https:\/\/dalekoodszosy.org\/wp-content\/uploads\/2024\/02\/image-300x224.png 300w, https:\/\/dalekoodszosy.org\/wp-content\/uploads\/2024\/02\/image-768x574.png 768w\" sizes=\"auto, (max-width: 902px) 100vw, 902px\" \/><\/figure>\n\n\n\n<p><br>Nasz\u0105 w\u0119dr\u00f3wk\u0119 zaczniemy od przystanku autobusu szkolnego , kt\u00f3ry znajduje si\u0119 tu\u017c obok znaku drogowego wskazuj\u0105cego pocz\u0105tek miejscowo\u015bci Kaplica. Wybrali\u015bmy w\u0142a\u015bnie taki spacer gdy\u017c uwa\u017camy \u017ce miejscowo\u015b\u0107 w kt\u00f3rej mieszkamy o pi\u0119knej nazwie Kaplica jest bardzo ciekawa krajobrazowo. W\u0119dr\u00f3wka po niej b\u0119dzie daleka od ucz\u0119szczanych dr\u00f3g samochodowych a co za tym idzie spokojna ale wcale nie nudna. Zaczynamy spacer kieruj\u0105c si\u0119 znanym rowerzystom Szlakiem Hutniczym w kierunku Chylowej Huty. Idziemy drog\u0105 utwardzon\u0105 i mo\u017cemy podziwia\u0107 pi\u0119kne wiejskie widoki p\u00f3l, \u0142\u0105k i las\u00f3w nazywanej przez turyst\u00f3w Szwajcarii Kaszubskiej. Dochodzimy do skrzy\u017cowania dr\u00f3g przy kt\u00f3rym stoi krzy\u017c -miejsce dawnych nabo\u017ce\u0144stw majowych. W 2021 roku dawny krzy\u017c zosta\u0142 zamieniony nowym . Od krzy\u017ca kierujemy si\u0119 piaszczyst\u0105 drog\u0105 w d\u00f3\u0142 w stron\u0119 lasu. Spotykamy po drodze gospodarstwo a przy nim kapliczk\u0119. Id\u0105c dalej mo\u017cemy podziwia\u0107 pi\u0119kno r\u00f3\u017cnorodno\u015bci krajobrazu : g\u00f3r, dolin ,staw\u00f3w .Dochodz\u0105c do skrzy\u017cowania dr\u00f3g kierujemy si\u0119 w pierwsz\u0105 drog\u0119 na prawo w dalszym ci\u0105gu napawaj\u0105c si\u0119 pi\u0119knymi widokami polskiej wsi. Dochodz\u0105c do kolejnego skrzy\u017cowania kierujemy si\u0119 w drog\u0119 na lewo , gdzie przechodzimy obok miejsca w kt\u00f3rym na mapach z 1937 roku widnia\u0142a dawna Szko\u0142a Publiczna w Chylowej Hucie a funkcjonowa\u0142a w czasie oko\u0142owojennym. Dalej id\u0105c drog\u0105 kierujemy si\u0119 w stron\u0119 cmentarza ewangelickiego gdzie do dnia dzisiejszego zachowa\u0142y si\u0119 tablice z nazwiskami i fragmenty grob\u00f3w .Mo\u017cemy zauwa\u017cy\u0107 tam charakterystyczn\u0105 dla cmentarzy ewangelickich ro\u015blinno\u015b\u0107 (Barwinek ,Bluszcz) symbolizuj\u0105c\u0105 w ich wierzeniu wieczno\u015b\u0107 i nie\u015bmiertelno\u015b\u0107 duszy po \u015bmierci. U wej\u015bcia na cmentarz zobaczymy pi\u0119kn\u0105, oko\u0142o 300-letni\u0105 Lip\u0119. Wracamy na drog\u0119 ,kt\u00f3r\u0105 uprzednio szli\u015bmy .Id\u0105c dalej na skrzy\u017cowaniu skr\u0119camy w prawo. Za par\u0119 krok\u00f3w zobaczymy po lewej stronie od dawna dzia\u0142aj\u0105c\u0105 ,prywatn\u0105 \u017cwirowni\u0119 z kt\u00f3rej do dnia dzisiejszego wydobywa si\u0119 \u017cwir do cel\u00f3w budowlanych. Obok niej znajduje si\u0119 teren po dawnym wysypisku \u015bmieci. Kierujemy si\u0119 na rozwidlenie dr\u00f3g gdzie przy znanym nam ju\u017c krzy\u017cu kierujemy si\u0119 drog\u0105 pod g\u00f3r\u0119. Mijamy gospodarstwo tu\u017c przy drodze a nast\u0119pnie za par\u0119dziesi\u0105t metr\u00f3w mo\u017cemy skr\u0119ci\u0107 w poln\u0105 drog\u0119 po lewej stronie i doj\u015b\u0107 przez las do najwy\u017cszego wzniesienia w Kaplicy. Obok niego znajdowa\u0142o si\u0119 kiedy\u015b znane wszystkim dzieciom i m\u0142odzie\u017cy boisko do gry w pi\u0142k\u0119 no\u017cn\u0105 obecnie zaro\u015bni\u0119te krzewami. Wracaj\u0105c drog\u0105 ,kt\u00f3r\u0105 przyszli\u015bmy na wzniesienie mo\u017cemy odwiedzi\u0107 pi\u0119kny punkt widokowy z kt\u00f3rego wida\u0107 ca\u0142\u0105 panoram\u0119 Kaplicy a nawet odleg\u0142e miejscowo\u015bci. Jest to miejsce dawnych  zabaw wiejskich przy ognisku i muzyce zwanych Sob\u00f3tkami. Wracamy na drog\u0119 g\u0142\u00f3wn\u0105 kt\u00f3r\u0105 b\u0119dziemy si\u0119 kierowa\u0107 do centrum wsi. Po drodze mijamy przystanek autobusu szkolnego i idziemy dalej drog\u0105 asfaltow\u0105. Mijaj\u0105c du\u017cy \u0142uk na lewo dochodzimy do centralnego miejsca wsi Kaplica gdzie znajduje si\u0119 budynek Ochotniczej Stra\u017cy Po\u017carnej , kt\u00f3ra 2 pa\u017adziernika 2021 roku uroczy\u015bcie \u015bwi\u0119towa\u0142a nadanie Sztandaru. Blisko remizy znajduje si\u0119 wielorodzinny blok mieszkalny i par\u0119 starych , zabytkowych dom\u00f3w w kt\u00f3rych do tej pory mieszkaj\u0105 ludzie. Nieopodal znajduj\u0105 si\u0119 dwa punkty noclegowe:<br>Agroturystyka ,,Daleko od szosy\u201d oraz ,,Lawendowy domek\u201d. Mo\u017cna tam spr\u00f3bowa\u0107 da\u0144 regionalnych, wynaj\u0105\u0107 w\u00f3z drabiniasty, zobaczy\u0107 r\u00f3\u017cne zwierz\u0119ta takie jak konie, krowy, alpaki i inne. W\u0142a\u015bcicielki obu miejsc s\u0105 przesympatyczne i ka\u017cdego go\u015bcia mile przyjm\u0105. Obok budynku Ochotniczej Sta\u017cy Po\u017carnej mo\u017cemy zatrzyma\u0107 si\u0119 na pyszny posi\u0142ek i lody w ,,Iskierce Smaku\u201d. Dzieci w wolnej chwili odpoczynku rodzic\u00f3w mog\u0105 skorzysta\u0107 z placu zabaw lub z boiska gdzie mo\u017cna zagra\u0107 w pi\u0142k\u0119 no\u017cn\u0105. Istnieje r\u00f3wnie\u017c mo\u017cliwo\u015b\u0107 skorzystania z samoobs\u0142ugowego grilla znajduj\u0105cego si\u0119 na nowo utworzonym placu rekreacyjnym. Przy placu stoi zabytkowy, ma\u0142y ceglany budynek ,by\u0142a stra\u017cnica gdzie kiedy\u015b przechowywano sprz\u0119t ga\u015bniczy. Maj\u0105c ju\u017c pe\u0142en brzuch i si\u0142y do dalszej w\u0119dr\u00f3wki wracamy na drog\u0119 ,kt\u00f3r\u0105 przyszli\u015bmy by na ostrym zakr\u0119cie wej\u015b\u0107 na wprost id\u0105c\u0105 poln\u0105 drog\u0119 przy kt\u00f3rej po prawej stronie mie\u015bci si\u0119 kolejny cmentarz ewangelicki .Pochowana tam zosta\u0142a rodzina Recknagel kt\u00f3rej mroczn\u0105 histori\u0119 \u015bmierci do dzi\u015b dnia przekazuj\u0105 z pokolenia na pokolenie mieszka\u0144cy okolicy. Zachowa\u0142y si\u0119 te\u017c inne groby kt\u00f3re mo\u017cna zobaczy\u0107 cho\u0107 nie \u0142atwo tam si\u0119 dosta\u0107 .Wychodz\u0105c z cmentarza po drugiej stronie drogi mo\u017cemy zauwa\u017cy\u0107 i\u017c za lasem znajduje si\u0119 teren gdzie jeszcze w II po\u0142owie XIX wieku znajdowa\u0142o si\u0119 jezioro. Obecnie nie ma tam wody a teren pokryty jest ro\u015blinno\u015bci\u0105. Kieruj\u0105c si\u0119 od cmentarza na prawo pod ca\u0142kiem spor\u0105 g\u00f3r\u0119 a potem kieruj\u0105c si\u0119 zn\u00f3w drog\u0105 na prawo dojdziemy do ruin po gospodarstwie i sadzie. Wcze\u015bniejsze pokolenie dzieci nie raz tam zagl\u0105da\u0142o aby si\u0119 pobawi\u0107 i posmakowa\u0107 dar\u00f3w sadu. Nazwano to miejsce Teksas a nazwa do tej pory funkcjonuje i jest znana mieszka\u0144com. Z tego miejsca ruszamy w drog\u0119 powrotn\u0105 gdzie z g\u00f3ry zn\u00f3w wida\u0107 pi\u0119kno r\u00f3\u017cnorodno\u015bci krajobrazu. Wracamy do ostrego zakr\u0119tu gdzie skr\u0119camy na lewo i za kt\u00f3rym kierujemy si\u0119 ju\u017c ca\u0142y czas drog\u0105 asfaltow\u0105. Za jaki\u015b czas po lewej stronie zobaczymy od dawna dzia\u0142aj\u0105c\u0105 kopalni\u0119 torfu a tu\u017c za ni\u0105 lasek cz\u0119sto odwiedzany przez grzybiarzy. Przy ko\u0144cu lasu znajduje si\u0119 miejsce z kt\u00f3rego wyruszyli\u015bmy na przechadzk\u0119. Ca\u0142y spacer powinien zaj\u0105\u0107 oko\u0142o czterech godzin id\u0105c w miar\u0119 \u017cwawym tempem.<\/p>\n\n\n\n<p><a href=\"https:\/\/www.facebook.com\/urzadgminysomonino\" data-type=\"link\" data-id=\"https:\/\/www.facebook.com\/urzadgminysomonino\">\u0179r\u00f3d\u0142o FB<\/a><\/p>\n","protected":false},"excerpt":{"rendered":"<p>Kaplica \u2013 wie\u015b w Polsce po\u0142o\u017cona w wojew\u00f3dztwie pomorskim, w powiecie kartuskim, w gminie Somonino. Nasz\u0105 w\u0119dr\u00f3wk\u0119 zaczniemy od przystanku autobusu szkolnego , kt\u00f3ry znajduje si\u0119 tu\u017c obok znaku drogowego &#8230;<\/p>\n","protected":false},"author":1,"featured_media":0,"parent":0,"menu_order":0,"comment_status":"closed","ping_status":"closed","template":"template-fullwidth.php","meta":{"ngg_post_thumbnail":0,"footnotes":""},"class_list":["post-1759","page","type-page","status-publish","hentry"],"yoast_head":"<!-- This site is optimized with the Yoast SEO plugin v22.1 - https:\/\/yoast.com\/wordpress\/plugins\/seo\/ -->\n<title>CHOD\u0179MY NA SPACER PO KAPLICY\u2026 - Daleko Od Szosy<\/title>\n<meta name=\"robots\" content=\"index, follow, max-snippet:-1, max-image-preview:large, max-video-preview:-1\" \/>\n<link rel=\"canonical\" href=\"https:\/\/dalekoodszosy.org\/index.php\/chodzmy-na-spacer-po-kaplicy\/\" \/>\n<meta property=\"og:locale\" content=\"pl_PL\" \/>\n<meta property=\"og:type\" content=\"article\" \/>\n<meta property=\"og:title\" content=\"CHOD\u0179MY NA SPACER PO KAPLICY\u2026 - Daleko Od Szosy\" \/>\n<meta property=\"og:description\" content=\"Kaplica \u2013 wie\u015b w Polsce po\u0142o\u017cona w wojew\u00f3dztwie pomorskim, w powiecie kartuskim, w gminie Somonino. Nasz\u0105 w\u0119dr\u00f3wk\u0119 zaczniemy od przystanku autobusu szkolnego , kt\u00f3ry znajduje si\u0119 tu\u017c obok znaku drogowego ...\" \/>\n<meta property=\"og:url\" content=\"https:\/\/dalekoodszosy.org\/index.php\/chodzmy-na-spacer-po-kaplicy\/\" \/>\n<meta property=\"og:site_name\" content=\"Daleko Od Szosy\" \/>\n<meta property=\"article:publisher\" content=\"https:\/\/www.facebook.com\/dalekoodszosy.org\" \/>\n<meta property=\"article:modified_time\" content=\"2024-02-23T13:40:10+00:00\" \/>\n<meta property=\"og:image\" content=\"https:\/\/dalekoodszosy.org\/wp-content\/uploads\/2024\/02\/image.png\" \/>\n<meta name=\"twitter:card\" content=\"summary_large_image\" \/>\n<meta name=\"twitter:label1\" content=\"Szacowany czas czytania\" \/>\n\t<meta name=\"twitter:data1\" content=\"5 minut\" \/>\n<script type=\"application\/ld+json\" class=\"yoast-schema-graph\">{\"@context\":\"https:\/\/schema.org\",\"@graph\":[{\"@type\":\"WebPage\",\"@id\":\"https:\/\/dalekoodszosy.org\/index.php\/chodzmy-na-spacer-po-kaplicy\/\",\"url\":\"https:\/\/dalekoodszosy.org\/index.php\/chodzmy-na-spacer-po-kaplicy\/\",\"name\":\"CHOD\u0179MY NA SPACER PO KAPLICY\u2026 - Daleko Od Szosy\",\"isPartOf\":{\"@id\":\"http:\/\/dalekoodszosy.org\/#website\"},\"datePublished\":\"2024-02-23T13:29:21+00:00\",\"dateModified\":\"2024-02-23T13:40:10+00:00\",\"breadcrumb\":{\"@id\":\"https:\/\/dalekoodszosy.org\/index.php\/chodzmy-na-spacer-po-kaplicy\/#breadcrumb\"},\"inLanguage\":\"pl-PL\",\"potentialAction\":[{\"@type\":\"ReadAction\",\"target\":[\"https:\/\/dalekoodszosy.org\/index.php\/chodzmy-na-spacer-po-kaplicy\/\"]}]},{\"@type\":\"BreadcrumbList\",\"@id\":\"https:\/\/dalekoodszosy.org\/index.php\/chodzmy-na-spacer-po-kaplicy\/#breadcrumb\",\"itemListElement\":[{\"@type\":\"ListItem\",\"position\":1,\"name\":\"Strona g\u0142\u00f3wna\",\"item\":\"http:\/\/dalekoodszosy.org\/\"},{\"@type\":\"ListItem\",\"position\":2,\"name\":\"CHOD\u0179MY NA SPACER PO KAPLICY\u2026\"}]},{\"@type\":\"WebSite\",\"@id\":\"http:\/\/dalekoodszosy.org\/#website\",\"url\":\"http:\/\/dalekoodszosy.org\/\",\"name\":\"Daleko Od Szosy\",\"description\":\"Gospodarstwo Agroturystyczne Daleko Od Szosy\",\"publisher\":{\"@id\":\"http:\/\/dalekoodszosy.org\/#organization\"},\"potentialAction\":[{\"@type\":\"SearchAction\",\"target\":{\"@type\":\"EntryPoint\",\"urlTemplate\":\"http:\/\/dalekoodszosy.org\/?s={search_term_string}\"},\"query-input\":\"required name=search_term_string\"}],\"inLanguage\":\"pl-PL\"},{\"@type\":\"Organization\",\"@id\":\"http:\/\/dalekoodszosy.org\/#organization\",\"name\":\"Gospodarstwo Agroturystyczne \\\"Daleko Od Szosy\\\"\",\"url\":\"http:\/\/dalekoodszosy.org\/\",\"logo\":{\"@type\":\"ImageObject\",\"inLanguage\":\"pl-PL\",\"@id\":\"http:\/\/dalekoodszosy.org\/#\/schema\/logo\/image\/\",\"url\":\"https:\/\/dalekoodszosy.org\/wp-content\/uploads\/2024\/02\/cropped-DoS2-1.jpg\",\"contentUrl\":\"https:\/\/dalekoodszosy.org\/wp-content\/uploads\/2024\/02\/cropped-DoS2-1.jpg\",\"width\":353,\"height\":192,\"caption\":\"Gospodarstwo Agroturystyczne \\\"Daleko Od Szosy\\\"\"},\"image\":{\"@id\":\"http:\/\/dalekoodszosy.org\/#\/schema\/logo\/image\/\"},\"sameAs\":[\"https:\/\/www.facebook.com\/dalekoodszosy.org\"]}]}<\/script>\n<!-- \/ Yoast SEO plugin. -->","yoast_head_json":{"title":"CHOD\u0179MY NA SPACER PO KAPLICY\u2026 - Daleko Od Szosy","robots":{"index":"index","follow":"follow","max-snippet":"max-snippet:-1","max-image-preview":"max-image-preview:large","max-video-preview":"max-video-preview:-1"},"canonical":"https:\/\/dalekoodszosy.org\/index.php\/chodzmy-na-spacer-po-kaplicy\/","og_locale":"pl_PL","og_type":"article","og_title":"CHOD\u0179MY NA SPACER PO KAPLICY\u2026 - Daleko Od Szosy","og_description":"Kaplica \u2013 wie\u015b w Polsce po\u0142o\u017cona w wojew\u00f3dztwie pomorskim, w powiecie kartuskim, w gminie Somonino. Nasz\u0105 w\u0119dr\u00f3wk\u0119 zaczniemy od przystanku autobusu szkolnego , kt\u00f3ry znajduje si\u0119 tu\u017c obok znaku drogowego ...","og_url":"https:\/\/dalekoodszosy.org\/index.php\/chodzmy-na-spacer-po-kaplicy\/","og_site_name":"Daleko Od Szosy","article_publisher":"https:\/\/www.facebook.com\/dalekoodszosy.org","article_modified_time":"2024-02-23T13:40:10+00:00","og_image":[{"url":"https:\/\/dalekoodszosy.org\/wp-content\/uploads\/2024\/02\/image.png"}],"twitter_card":"summary_large_image","twitter_misc":{"Szacowany czas czytania":"5 minut"},"schema":{"@context":"https:\/\/schema.org","@graph":[{"@type":"WebPage","@id":"https:\/\/dalekoodszosy.org\/index.php\/chodzmy-na-spacer-po-kaplicy\/","url":"https:\/\/dalekoodszosy.org\/index.php\/chodzmy-na-spacer-po-kaplicy\/","name":"CHOD\u0179MY NA SPACER PO KAPLICY\u2026 - Daleko Od Szosy","isPartOf":{"@id":"http:\/\/dalekoodszosy.org\/#website"},"datePublished":"2024-02-23T13:29:21+00:00","dateModified":"2024-02-23T13:40:10+00:00","breadcrumb":{"@id":"https:\/\/dalekoodszosy.org\/index.php\/chodzmy-na-spacer-po-kaplicy\/#breadcrumb"},"inLanguage":"pl-PL","potentialAction":[{"@type":"ReadAction","target":["https:\/\/dalekoodszosy.org\/index.php\/chodzmy-na-spacer-po-kaplicy\/"]}]},{"@type":"BreadcrumbList","@id":"https:\/\/dalekoodszosy.org\/index.php\/chodzmy-na-spacer-po-kaplicy\/#breadcrumb","itemListElement":[{"@type":"ListItem","position":1,"name":"Strona g\u0142\u00f3wna","item":"http:\/\/dalekoodszosy.org\/"},{"@type":"ListItem","position":2,"name":"CHOD\u0179MY NA SPACER PO KAPLICY\u2026"}]},{"@type":"WebSite","@id":"http:\/\/dalekoodszosy.org\/#website","url":"http:\/\/dalekoodszosy.org\/","name":"Daleko Od Szosy","description":"Gospodarstwo Agroturystyczne Daleko Od Szosy","publisher":{"@id":"http:\/\/dalekoodszosy.org\/#organization"},"potentialAction":[{"@type":"SearchAction","target":{"@type":"EntryPoint","urlTemplate":"http:\/\/dalekoodszosy.org\/?s={search_term_string}"},"query-input":"required name=search_term_string"}],"inLanguage":"pl-PL"},{"@type":"Organization","@id":"http:\/\/dalekoodszosy.org\/#organization","name":"Gospodarstwo Agroturystyczne \"Daleko Od Szosy\"","url":"http:\/\/dalekoodszosy.org\/","logo":{"@type":"ImageObject","inLanguage":"pl-PL","@id":"http:\/\/dalekoodszosy.org\/#\/schema\/logo\/image\/","url":"https:\/\/dalekoodszosy.org\/wp-content\/uploads\/2024\/02\/cropped-DoS2-1.jpg","contentUrl":"https:\/\/dalekoodszosy.org\/wp-content\/uploads\/2024\/02\/cropped-DoS2-1.jpg","width":353,"height":192,"caption":"Gospodarstwo Agroturystyczne \"Daleko Od Szosy\""},"image":{"@id":"http:\/\/dalekoodszosy.org\/#\/schema\/logo\/image\/"},"sameAs":["https:\/\/www.facebook.com\/dalekoodszosy.org"]}]}},"_links":{"self":[{"href":"https:\/\/dalekoodszosy.org\/index.php\/wp-json\/wp\/v2\/pages\/1759","targetHints":{"allow":["GET"]}}],"collection":[{"href":"https:\/\/dalekoodszosy.org\/index.php\/wp-json\/wp\/v2\/pages"}],"about":[{"href":"https:\/\/dalekoodszosy.org\/index.php\/wp-json\/wp\/v2\/types\/page"}],"author":[{"embeddable":true,"href":"https:\/\/dalekoodszosy.org\/index.php\/wp-json\/wp\/v2\/users\/1"}],"replies":[{"embeddable":true,"href":"https:\/\/dalekoodszosy.org\/index.php\/wp-json\/wp\/v2\/comments?post=1759"}],"version-history":[{"count":2,"href":"https:\/\/dalekoodszosy.org\/index.php\/wp-json\/wp\/v2\/pages\/1759\/revisions"}],"predecessor-version":[{"id":1764,"href":"https:\/\/dalekoodszosy.org\/index.php\/wp-json\/wp\/v2\/pages\/1759\/revisions\/1764"}],"wp:attachment":[{"href":"https:\/\/dalekoodszosy.org\/index.php\/wp-json\/wp\/v2\/media?parent=1759"}],"curies":[{"name":"wp","href":"https:\/\/api.w.org\/{rel}","templated":true}]}}